{"id":1281,"date":"2024-11-25T19:07:34","date_gmt":"2024-11-25T19:07:34","guid":{"rendered":"https:\/\/fwg-stadt-ramstein-miesenbach.de\/index.php\/impressum-2\/"},"modified":"2026-03-14T22:24:30","modified_gmt":"2026-03-14T22:24:30","slug":"impressum","status":"publish","type":"page","link":"https:\/\/fwg-stadt-ramstein-miesenbach.de\/impressum\/","title":{"rendered":"Impressum"},"content":{"rendered":"<h3><strong style=\"color: orange;\">Angaben gem\u00e4\u00df \u00a7 5 TMG<\/strong><\/h3>\n<div class=\"margin-bottom margin-small slideup-1\">\n<div class=\"text-rich-text w-richtext\">\n<p>Freie W\u00e4hlergruppe Stadt Ramstein-Miesenbach e.V. <br \/>Heidestra\u00dfe 7 <br \/>66877 Ramstein-Miesenbach<\/p>\n<p><strong>Registereintrag<\/strong>:<br \/><span style=\"font-size: inherit;\">Vereinsregister: VR 30540<br \/><\/span>Registergericht: Amtsgericht Zweibr\u00fccken<\/p>\n<p><strong>Vertreten durch:<br \/><\/strong><span style=\"font-size: inherit;\">Vorstand Markus Wengerter\u00a0<br \/><\/span>Stellvertreter Lutz Kattge<br \/>Schriftf\u00fchrerin Karin Kneller <br \/>Kassenwartin Kornelia Rickoll\u00a0<\/p>\n<h3><strong style=\"color: orange;\">Kontakt<\/strong><\/h3>\n<p>Telefon: +49 175 243 15 53 <br \/>E-Mail: m-wengerter@t-online.de\u00a0<\/p>\n<h4>Redaktionell verantwortlich<\/h4>\n<p>Karin Kneller <br \/>Heidestra\u00dfe 7 <br \/>66877 Ramstein-Miesenbach<\/p>\n<h4>\u00a0<\/h4>\n<h4>Verbraucher\u00adstreit\u00adbeilegung\/Universal\u00adschlichtungs\u00adstelle<\/h4>\n<p>Wir sind nicht bereit oder verpflichtet, an Streitbeilegungsverfahren vor einer Verbraucherschlichtungsstelle teilzunehmen.<br \/>Quelle:\u00a0eRecht24<\/p>\n<p>\u200d<\/p>\n<h3><strong style=\"color: orange;\">Haftungsausschluss<\/strong><\/h3>\n<p>\u200d<strong style=\"font-size: inherit;\">Haftung f\u00fcr Inhalte<\/strong><\/p>\n<p>Die Inhalte unserer Seiten wurden mit gr\u00f6\u00dfter Sorgfalt erstellt. F\u00fcr die Richtigkeit, Vollst\u00e4ndigkeit und Aktualit\u00e4t der Inhalte k\u00f6nnen wir jedoch keine Gew\u00e4hr \u00fcbernehmen. Als Diensteanbieter sind wir gem\u00e4\u00df \u00a7 7 Abs.1 TMG f\u00fcr eigene Inhalte auf diesen Seiten nach den allgemeinen Gesetzen verantwortlich. Nach \u00a7\u00a7 8 bis 10 TMG sind wir als Diensteanbieter jedoch nicht verpflichtet, \u00fcbermittelte oder gespeicherte fremde Informationen zu \u00fcberwachen oder nach Umst\u00e4nden zu forschen, die auf eine rechtswidrige T\u00e4tigkeit hinweisen. Verpflichtungen zur Entfernung oder Sperrung der Nutzung von Informationen nach den allgemeinen Gesetzen bleiben hiervon unber\u00fchrt. Eine diesbez\u00fcgliche Haftung ist jedoch erst ab dem Zeitpunkt der Kenntnis einer konkreten Rechtsverletzung m\u00f6glich. Bei Bekanntwerden von entsprechenden Rechtsverletzungen werden wir diese Inhalte umgehend entfernen.<\/p>\n<p>\u200d<\/p>\n<p><strong>Haftung f\u00fcr Links<\/strong><\/p>\n<p>Unser Angebot enth\u00e4lt Links zu externen Webseiten Dritter, auf deren Inhalte wir keinen Einfluss haben. Deshalb k\u00f6nnen wir f\u00fcr diese fremden Inhalte auch keine Gew\u00e4hr \u00fcbernehmen. F\u00fcr die Inhalte der verlinkten Seiten ist stets der jeweilige Anbieter oder Betreiber der Seiten verantwortlich. Die verlinkten Seiten wurden zum Zeitpunkt der Verlinkung auf m\u00f6gliche Rechtsverst\u00f6\u00dfe \u00fcberpr\u00fcft. Rechtswidrige Inhalte waren zum Zeitpunkt der Verlinkung nicht erkennbar. Eine permanente inhaltliche Kontrolle der verlinkten Seiten ist jedoch ohne konkrete Anhaltspunkte einer Rechtsverletzung nicht zumutbar. Bei Bekanntwerden von Rechtsverletzungen werden wir derartige Links umgehend entfernen.<\/p>\n<p>\u200d<\/p>\n<p><strong>Urheberrecht<\/strong><\/p>\n<p>Die durch die Seitenbetreiber erstellten Inhalte und Werke auf diesen Seiten unterliegen dem deutschen Urheberrecht. Die Vervielf\u00e4ltigung, Bearbeitung, Verbreitung und jede Art der Verwertung au\u00dferhalb der Grenzen des Urheberrechtes bed\u00fcrfen der schriftlichen Zustimmung des jeweiligen Autors bzw. Erstellers. Downloads und Kopien dieser Seite sind nur f\u00fcr den privaten, nicht kommerziellen Gebrauch gestattet. Soweit die Inhalte auf dieser Seite nicht vom Betreiber erstellt wurden, werden die Urheberrechte Dritter beachtet. Insbesondere werden Inhalte Dritter als solche gekennzeichnet. Sollten Sie trotzdem auf eine Urheberrechtsverletzung aufmerksam werden, bitten wir um einen entsprechenden Hinweis. Bei Bekanntwerden von Rechtsverletzungen werden wir derartige Inhalte umgehend entfernen.<\/p>\n<p>\u200d<\/p>\n<p><strong>Kandidaten- und Gruppenfoto:<br \/><\/strong><span style=\"font-size: inherit;\">FOTO BY SOUSA<\/span><\/p>\n<p><strong>Alle anderen Fotos:<\/strong><br \/>FWG Stadt Ramstein-Miesenbach e.V.<\/p>\n<\/div>\n<\/div>\n\n\n<p><\/p>\n","protected":false},"excerpt":{"rendered":"<p>Angaben gem\u00e4\u00df \u00a7 5 TMG Freie W\u00e4hlergruppe Stadt Ramstein-Miesenbach e.V. Heidestra\u00dfe 7 66877 Ramstein-Miesenbach Registereintrag:Vereinsregister: VR 30540Registergericht: Amtsgericht Zweibr\u00fccken Vertreten durch:Vorstand Markus Wengerter\u00a0Stellvertreter Lutz KattgeSchriftf\u00fchrerin Karin Kneller Kassenwartin Kornelia Rickoll\u00a0 Kontakt Telefon: +49 175 243 15 53 E-Mail: m-wengerter@t-online.de\u00a0 Redaktionell verantwortlich Karin Kneller Heidestra\u00dfe 7 66877 Ramstein-Miesenbach \u00a0 Verbraucher\u00adstreit\u00adbeilegung\/Universal\u00adschlichtungs\u00adstelle Wir sind nicht bereit oder verpflichtet, &#8230; <a title=\"Impressum\" class=\"read-more\" href=\"https:\/\/fwg-stadt-ramstein-miesenbach.de\/impressum\/\" aria-label=\"Mehr Informationen \u00fcber Impressum\">Weiterlesen<\/a><\/p>\n","protected":false},"author":6,"featured_media":0,"parent":0,"menu_order":10,"comment_status":"closed","ping_status":"closed","template":"","meta":{"_acf_changed":false,"footnotes":""},"class_list":["post-1281","page","type-page","status-publish"],"acf":[],"_links":{"self":[{"href":"https:\/\/fwg-stadt-ramstein-miesenbach.de\/wp-json\/wp\/v2\/pages\/1281","targetHints":{"allow":["GET"]}}],"collection":[{"href":"https:\/\/fwg-stadt-ramstein-miesenbach.de\/wp-json\/wp\/v2\/pages"}],"about":[{"href":"https:\/\/fwg-stadt-ramstein-miesenbach.de\/wp-json\/wp\/v2\/types\/page"}],"author":[{"embeddable":true,"href":"https:\/\/fwg-stadt-ramstein-miesenbach.de\/wp-json\/wp\/v2\/users\/6"}],"replies":[{"embeddable":true,"href":"https:\/\/fwg-stadt-ramstein-miesenbach.de\/wp-json\/wp\/v2\/comments?post=1281"}],"version-history":[{"count":6,"href":"https:\/\/fwg-stadt-ramstein-miesenbach.de\/wp-json\/wp\/v2\/pages\/1281\/revisions"}],"predecessor-version":[{"id":1760,"href":"https:\/\/fwg-stadt-ramstein-miesenbach.de\/wp-json\/wp\/v2\/pages\/1281\/revisions\/1760"}],"wp:attachment":[{"href":"https:\/\/fwg-stadt-ramstein-miesenbach.de\/wp-json\/wp\/v2\/media?parent=1281"}],"curies":[{"name":"wp","href":"https:\/\/api.w.org\/{rel}","templated":true}]}}