{"id":1386,"date":"2025-08-24T09:21:06","date_gmt":"2025-08-24T09:21:06","guid":{"rendered":"https:\/\/fwg-stadt-ramstein-miesenbach.de\/?page_id=1386"},"modified":"2026-03-13T22:29:37","modified_gmt":"2026-03-13T22:29:37","slug":"start","status":"publish","type":"page","link":"https:\/\/fwg-stadt-ramstein-miesenbach.de\/","title":{"rendered":"Start"},"content":{"rendered":"\n<div class=\"wp-block-columns is-layout-flex wp-container-core-columns-is-layout-9d6595d7 wp-block-columns-is-layout-flex\">\n<div class=\"wp-block-column is-layout-flow wp-block-column-is-layout-flow\">\n<h1 class=\"wp-block-heading page-title entry-title text-size-medium\">Pragmatisch statt ideologisch<\/h1>\n\n\n\n<h4 class=\"wp-block-heading text-size-medium\">Frei<\/h4>\n\n\n\n<p class=\"text-size-medium\">Die FWG betreibt eine unabh\u00e4ngige und sachorienti\u200berte Politik. Mit Sachargumenten \u00fcberzeugen und eine transparente Informationspolitik, um Entscheidungen nachvollziehbar zu machen, ist uns wichtig. Dadurch wollen \u200bwir das Vertrauen der B\u00fcrgerinnen und B\u00fcrger in die Politik st\u00e4rken.<\/p>\n\n\n\n<h4 class=\"wp-block-heading text-size-medium\">B\u00fcrgernah<\/h4>\n\n\n\n<p class=\"text-size-medium\">Das Wohl der B\u00fcrgerinnen und B\u00fcrger steht f\u00fcr uns im&nbsp; Mittelpunkt. Unser Ziel ist es durch Anpacken der Probleme vor Ort die Lebensqualit\u00e4t f\u00fcr alle zu verbessern. Mit ernst gemeinter B\u00fcrgerbeteiligung m\u00f6chten wir zusammen die St\u00e4rken und die Schw\u00e4chen unserer Stadt so gestalten, dass sie f\u00fcr eine<br>nachhaltige Zukunft ger\u00fcstet ist.<\/p>\n\n\n\n<h4 class=\"wp-block-heading text-size-medium\">Parteiunabh\u00e4ngig<\/h4>\n\n\n\n<p class=\"text-size-medium\">Die FWG ist frei von Parteizwang und Ideologien. Sie unterliegt keinen Weisungen von \u00fcbergeordneten politischen Ebenen. Jede Meinung z\u00e4hlt und ist uns wichtig.<\/p>\n<\/div>\n\n\n\n<div class=\"wp-block-column is-layout-flow wp-block-column-is-layout-flow\"><div class=\"vis-wrapper\" style=\"--image-gap:25px;--column-gap:25px;--column-height:800px;\">\n      <div class=\"vis-column\">\n      <div class=\"vis-column-inner\">\n\n                          <div class=\"vis-image-wrapper\" style=\"background-image:url(&#039;https:\/\/fwg-stadt-ramstein-miesenbach.de\/wp-content\/uploads\/2026\/03\/hintergrund_orange.png&#039;);background-size:cover;background-position:center center;\">\n                <img decoding=\"async\"\n                  src=\"https:\/\/fwg-stadt-ramstein-miesenbach.de\/wp-content\/uploads\/2025\/08\/transp_kornelia_rickoll.png\"\n                  class=\"vis-image\"\n                  alt=\"Kornelia Rickoll\"\n                \/>\n                                  <div class=\"vis-image-name\">\n                    Kornelia Rickoll                  <\/div>\n                              <\/div>\n                          <div class=\"vis-image-wrapper\" style=\"background-image:url(&#039;https:\/\/fwg-stadt-ramstein-miesenbach.de\/wp-content\/uploads\/2026\/03\/hintergrund_orange.png&#039;);background-size:cover;background-position:center center;\">\n                <img decoding=\"async\"\n                  src=\"https:\/\/fwg-stadt-ramstein-miesenbach.de\/wp-content\/uploads\/2024\/11\/IMGL7405-Bearbeitet.jpg\"\n                  class=\"vis-image\"\n                  alt=\"Lutz Kattge\"\n                \/>\n                                  <div class=\"vis-image-name\">\n                    Lutz Kattge                  <\/div>\n                              <\/div>\n                          <div class=\"vis-image-wrapper\" style=\"background-image:url(&#039;https:\/\/fwg-stadt-ramstein-miesenbach.de\/wp-content\/uploads\/2026\/03\/hintergrund_orange.png&#039;);background-size:cover;background-position:center center;\">\n                <img decoding=\"async\"\n                  src=\"https:\/\/fwg-stadt-ramstein-miesenbach.de\/wp-content\/uploads\/2024\/11\/IMGL7344.jpg\"\n                  class=\"vis-image\"\n                  alt=\"Andreas Wolf\"\n                \/>\n                                  <div class=\"vis-image-name\">\n                    Andreas Wolf                  <\/div>\n                              <\/div>\n                          <div class=\"vis-image-wrapper\" style=\"background-image:url(&#039;https:\/\/fwg-stadt-ramstein-miesenbach.de\/wp-content\/uploads\/2026\/03\/hintergrund_orange.png&#039;);background-size:cover;background-position:center center;\">\n                <img decoding=\"async\"\n                  src=\"https:\/\/fwg-stadt-ramstein-miesenbach.de\/wp-content\/uploads\/2024\/11\/IMGL7280-Bearbeitet.jpg\"\n                  class=\"vis-image\"\n                  alt=\"Gerhard Koch\"\n                \/>\n                                  <div class=\"vis-image-name\">\n                    Gerhard Koch                  <\/div>\n                              <\/div>\n                          <div class=\"vis-image-wrapper\" style=\"background-image:url(&#039;https:\/\/fwg-stadt-ramstein-miesenbach.de\/wp-content\/uploads\/2026\/03\/hintergrund_orange.png&#039;);background-size:cover;background-position:center center;\">\n                <img decoding=\"async\"\n                  src=\"https:\/\/fwg-stadt-ramstein-miesenbach.de\/wp-content\/uploads\/2024\/04\/Thoamserler-10.png\"\n                  class=\"vis-image\"\n                  alt=\"Thomas Erler\"\n                \/>\n                                  <div class=\"vis-image-name\">\n                    Thomas Erler                  <\/div>\n                              <\/div>\n            \n\n      <\/div><!-- .vis-column-inner -->\n    <\/div><!-- .vis-column -->\n      <div class=\"vis-column\">\n      <div class=\"vis-column-inner\">\n\n                          <div class=\"vis-image-wrapper\" style=\"background-image:url(&#039;https:\/\/fwg-stadt-ramstein-miesenbach.de\/wp-content\/uploads\/2026\/03\/hintergrund_orange.png&#039;);background-size:cover;background-position:center center;\">\n                <img decoding=\"async\"\n                  src=\"https:\/\/fwg-stadt-ramstein-miesenbach.de\/wp-content\/uploads\/2025\/08\/transp_karin_kneller.png\"\n                  class=\"vis-image\"\n                  alt=\"Karin Kneller\"\n                \/>\n                                  <div class=\"vis-image-name\">\n                    Karin Kneller                  <\/div>\n                              <\/div>\n                          <div class=\"vis-image-wrapper\" style=\"background-image:url(&#039;https:\/\/fwg-stadt-ramstein-miesenbach.de\/wp-content\/uploads\/2026\/03\/hintergrund_orange.png&#039;);background-size:cover;background-position:center center;\">\n                <img decoding=\"async\"\n                  src=\"https:\/\/fwg-stadt-ramstein-miesenbach.de\/wp-content\/uploads\/2024\/11\/IMGL7220.jpg\"\n                  class=\"vis-image\"\n                  alt=\"Gerhard Bl\u00fcgel\"\n                \/>\n                                  <div class=\"vis-image-name\">\n                    Gerhard Bl\u00fcgel                  <\/div>\n                              <\/div>\n                          <div class=\"vis-image-wrapper\" style=\"background-image:url(&#039;https:\/\/fwg-stadt-ramstein-miesenbach.de\/wp-content\/uploads\/2026\/03\/hintergrund_orange.png&#039;);background-size:cover;background-position:center center;\">\n                <img decoding=\"async\"\n                  src=\"https:\/\/fwg-stadt-ramstein-miesenbach.de\/wp-content\/uploads\/2024\/11\/IMGL7375-Bearbeitet.jpg\"\n                  class=\"vis-image\"\n                  alt=\"Christel Faul\"\n                \/>\n                                  <div class=\"vis-image-name\">\n                    Christel Faul                  <\/div>\n                              <\/div>\n                          <div class=\"vis-image-wrapper\" style=\"background-image:url(&#039;https:\/\/fwg-stadt-ramstein-miesenbach.de\/wp-content\/uploads\/2026\/03\/hintergrund_orange.png&#039;);background-size:cover;background-position:center center;\">\n                <img decoding=\"async\"\n                  src=\"https:\/\/fwg-stadt-ramstein-miesenbach.de\/wp-content\/uploads\/2024\/11\/IMGL7331-Bearbeitet.jpg\"\n                  class=\"vis-image\"\n                  alt=\"Rudi Kneller\"\n                \/>\n                                  <div class=\"vis-image-name\">\n                    Rudi Kneller                  <\/div>\n                              <\/div>\n            \n\n      <\/div><!-- .vis-column-inner -->\n    <\/div><!-- .vis-column -->\n      <div class=\"vis-column\">\n      <div class=\"vis-column-inner\">\n\n                          <div class=\"vis-image-wrapper\" style=\"background-image:url(&#039;https:\/\/fwg-stadt-ramstein-miesenbach.de\/wp-content\/uploads\/2026\/03\/hintergrund_orange.png&#039;);background-size:cover;background-position:center center;\">\n                <img decoding=\"async\"\n                  src=\"https:\/\/fwg-stadt-ramstein-miesenbach.de\/wp-content\/uploads\/2025\/08\/Gabi.png\"\n                  class=\"vis-image\"\n                  alt=\"Gabriele Lang\"\n                \/>\n                                  <div class=\"vis-image-name\">\n                    Gabriele Lang                  <\/div>\n                              <\/div>\n                          <div class=\"vis-image-wrapper\" style=\"background-image:url(&#039;https:\/\/fwg-stadt-ramstein-miesenbach.de\/wp-content\/uploads\/2026\/03\/hintergrund_orange.png&#039;);background-size:cover;background-position:center center;\">\n                <img decoding=\"async\"\n                  src=\"https:\/\/fwg-stadt-ramstein-miesenbach.de\/wp-content\/uploads\/2024\/11\/IMGL7216-Bearbeitet.jpg\"\n                  class=\"vis-image\"\n                  alt=\"Bernd Lang\"\n                \/>\n                                  <div class=\"vis-image-name\">\n                    Bernd Lang                  <\/div>\n                              <\/div>\n                          <div class=\"vis-image-wrapper\" style=\"background-image:url(&#039;https:\/\/fwg-stadt-ramstein-miesenbach.de\/wp-content\/uploads\/2026\/03\/hintergrund_orange.png&#039;);background-size:cover;background-position:center center;\">\n                <img decoding=\"async\"\n                  src=\"https:\/\/fwg-stadt-ramstein-miesenbach.de\/wp-content\/uploads\/2024\/11\/IMGL7304-Bearbeitet.jpg\"\n                  class=\"vis-image\"\n                  alt=\"Udo Maslonka\"\n                \/>\n                                  <div class=\"vis-image-name\">\n                    Udo Maslonka                  <\/div>\n                              <\/div>\n                          <div class=\"vis-image-wrapper\" style=\"background-image:url(&#039;https:\/\/fwg-stadt-ramstein-miesenbach.de\/wp-content\/uploads\/2026\/03\/hintergrund_orange.png&#039;);background-size:cover;background-position:center center;\">\n                <img decoding=\"async\"\n                  src=\"https:\/\/fwg-stadt-ramstein-miesenbach.de\/wp-content\/uploads\/2024\/11\/IMGL7167-Bearbeitet.jpg\"\n                  class=\"vis-image\"\n                  alt=\"Markus Wengerter\"\n                \/>\n                                  <div class=\"vis-image-name\">\n                    Markus Wengerter                  <\/div>\n                              <\/div>\n                          <div class=\"vis-image-wrapper\" style=\"background-image:url(&#039;https:\/\/fwg-stadt-ramstein-miesenbach.de\/wp-content\/uploads\/2026\/03\/hintergrund_orange.png&#039;);background-size:cover;background-position:center center;\">\n                <img decoding=\"async\"\n                  src=\"https:\/\/fwg-stadt-ramstein-miesenbach.de\/wp-content\/uploads\/2024\/11\/IMGL7203-Bearbeitet-Bearbeitet.jpg\"\n                  class=\"vis-image\"\n                  alt=\"Karin Kneller\"\n                \/>\n                                  <div class=\"vis-image-name\">\n                    Karin Kneller                  <\/div>\n                              <\/div>\n            \n\n      <\/div><!-- .vis-column-inner -->\n    <\/div><!-- .vis-column -->\n  <\/div><!-- .vis-wrapper -->\n    \n<\/div>\n<\/div>\n\n\n\n<p><\/p>\n","protected":false},"excerpt":{"rendered":"<p><strong>FREI<\/strong><br \/>Die FWG betreibt eine unabh\u00e4ngige und sachorienti\u200berte Politik. \u00dcberzeugung<br \/>mit Sachargumenten und eine transparente Informationspolitik, um<br \/>Entscheidungen nachvollziehbar zu machen, ist uns wichtig. Dadurch wollen<br \/>\u200bwir das Vertrauen der B\u00fcrgerinnen und B\u00fcrger in die Politik st\u00e4rken.<br \/>B\u00dcRGERNAH<br \/>Das Wohl der B\u00fcrgerinnen und B\u00fcrger steht f\u00fcr uns im Mittelpunkt. Unser Ziel<br \/>ist es durch Anpacken der Probleme vor Ort die Lebensqualit\u00e4t f\u00fcr alle zu<br \/>verbessern. Mit ernst gemeinter B\u00fcrgerbeteiligung m\u00f6chten wir zusammen die<br \/>St\u00e4rken und die Schw\u00e4chen unserer Stadt so gestalten,dass sie f\u00fcr eine<br \/>nachhaltige Zukunft ger\u00fcstet ist.<br \/>Parteiunabh\u00e4nig<br \/>Die FWG ist frei von Parteizwang und Ideologien. Sie unterliegt keinen<br \/>Weisungen von \u00fcbergeordneten politischen Ebenen. Jede Meinung z\u00e4hlt und<br \/>ist uns wichtig.<\/p>\n","protected":false},"author":3,"featured_media":0,"parent":0,"menu_order":0,"comment_status":"closed","ping_status":"closed","template":"","meta":{"_acf_changed":false,"footnotes":""},"class_list":["post-1386","page","type-page","status-publish"],"acf":[],"_links":{"self":[{"href":"https:\/\/fwg-stadt-ramstein-miesenbach.de\/wp-json\/wp\/v2\/pages\/1386","targetHints":{"allow":["GET"]}}],"collection":[{"href":"https:\/\/fwg-stadt-ramstein-miesenbach.de\/wp-json\/wp\/v2\/pages"}],"about":[{"href":"https:\/\/fwg-stadt-ramstein-miesenbach.de\/wp-json\/wp\/v2\/types\/page"}],"author":[{"embeddable":true,"href":"https:\/\/fwg-stadt-ramstein-miesenbach.de\/wp-json\/wp\/v2\/users\/3"}],"replies":[{"embeddable":true,"href":"https:\/\/fwg-stadt-ramstein-miesenbach.de\/wp-json\/wp\/v2\/comments?post=1386"}],"version-history":[{"count":26,"href":"https:\/\/fwg-stadt-ramstein-miesenbach.de\/wp-json\/wp\/v2\/pages\/1386\/revisions"}],"predecessor-version":[{"id":1755,"href":"https:\/\/fwg-stadt-ramstein-miesenbach.de\/wp-json\/wp\/v2\/pages\/1386\/revisions\/1755"}],"wp:attachment":[{"href":"https:\/\/fwg-stadt-ramstein-miesenbach.de\/wp-json\/wp\/v2\/media?parent=1386"}],"curies":[{"name":"wp","href":"https:\/\/api.w.org\/{rel}","templated":true}]}}